

{"id":173,"date":"2022-02-22T22:33:37","date_gmt":"2022-02-22T22:33:37","guid":{"rendered":"https:\/\/windup-winch.000webhostapp.com\/?page_id=173"},"modified":"2023-01-05T18:12:46","modified_gmt":"2023-01-05T18:12:46","slug":"mentions-legales","status":"publish","type":"page","link":"https:\/\/windup-winch.com\/en\/mentions-legales","title":{"rendered":"Legal notice"},"content":{"rendered":"<h1 class=\"wp-block-heading\" id=\"mentions-legales\">Legal notice<\/h1>\n\n\n\n<p>En vigueur au 24\/02\/2022<\/p>\n\n\n\n<p>Conform\u00e9ment aux dispositions des Articles 6-III et 19 de la Loi n\u00b02004-575 du 21 juin 2004 pour la Confiance dans l\u2019\u00e9conomie num\u00e9rique, dite L.C.E.N., il est port\u00e9 \u00e0 la connaissance des utilisateurs et visiteurs, ci-apr\u00e8s l\u00a0\u00bb\u00a0\u00bb<strong>Utilisateur<\/strong>\u00ab\u00a0, du site https:\/\/windup-winch.com\/ , ci-apr\u00e8s le \u00ab\u00a0<strong>Site<\/strong>\u00ab\u00a0, les pr\u00e9sentes mentions l\u00e9gales.<\/p>\n\n\n\n<p>La connexion et la navigation sur le Site par l\u2019Utilisateur implique acceptation int\u00e9grale et sans r\u00e9serve des pr\u00e9sentes mentions l\u00e9gales.<\/p>\n\n\n\n<p>Ces derni\u00e8res sont accessibles sur le Site \u00e0 la rubrique \u00ab Mentions l\u00e9gales \u00bb.<\/p>\n\n\n\n<h2 class=\"wp-block-heading\" id=\"article-1-l-editeur\">ARTICLE 1 &#8211; L&rsquo;EDITEUR<\/h2>\n\n\n\n<p>L\u2019\u00e9dition et la direction de la publication du Site est assur\u00e9e par J\u00e9rome baudoux, domicili\u00e9e 85 Route des Chauvettes, dont l&rsquo;adresse e-mail windup.winch.contact@gmail.com.<\/p>\n\n\n\n<p>ci-apr\u00e8s l'\u00a0\u00bb<strong>Editeur<\/strong>\u00ab\u00a0.<\/p>\n\n\n\n<h2 class=\"wp-block-heading\" id=\"article-2-l-hebergeur\">ARTICLE 2 &#8211; L&rsquo;HEBERGEUR<\/h2>\n\n\n\n<p>Le site https:\/\/windup-winch.com\/\u00a0est h\u00e9berg\u00e9 par\u00a0<strong>HOSTINGER<\/strong>, dont le si\u00e8ge social est situ\u00e9\u00a0<strong>HOSTINGER<\/strong>\u00a0INTERNATIONAL LTD, 61 Lordou Vironos Street, 6023 Larnaca, Chypre, joignable par le moyen suivant :https:\/\/www.<strong>hostinger<\/strong>.fr\/contact.<\/p>\n\n\n\n<h2 class=\"wp-block-heading\" id=\"article-3-acces-au-site\">ARTICLE 3 &#8211; ACCES AU SITE<\/h2>\n\n\n\n<p>Le Site est accessible en tout endroit, 7j\/7, 24h\/24 sauf cas de force majeure, interruption programm\u00e9e ou non et pouvant d\u00e9coulant d\u2019une n\u00e9cessit\u00e9 de maintenance.<\/p>\n\n\n\n<p>En cas de modification, interruption ou suspension du Site, l&rsquo;Editeur ne saurait \u00eatre tenu responsable.<\/p>\n\n\n\n<h2 class=\"wp-block-heading\" id=\"article-4-collecte-des-donnees\">ARTICLE 4 &#8211; COLLECTE DES DONNEES<\/h2>\n\n\n\n<p>Le site est exempt\u00e9 de d\u00e9claration \u00e0 la Commission Nationale Informatique et Libert\u00e9s (CNIL) dans la mesure o\u00f9 il ne collecte aucune donn\u00e9e concernant les utilisateurs.<\/p>\n\n\n\n<p>Toute utilisation, reproduction, diffusion, commercialisation, modification de toute ou partie du Site, sans autorisation de l\u2019Editeur est prohib\u00e9e et pourra entra\u00een\u00e9e des actions et poursuites judiciaires telles que notamment pr\u00e9vues par le Code de la propri\u00e9t\u00e9 intellectuelle et le Code civil.<\/p>","protected":false},"excerpt":{"rendered":"<p>Mentions l\u00e9gales En vigueur au 24\/02\/2022 Conform\u00e9ment aux dispositions des Articles 6-III et 19 de la Loi n\u00b02004-575 du 21 juin 2004 pour la Confiance dans l\u2019\u00e9conomie num\u00e9rique, dite L.C.E.N., il est port\u00e9 \u00e0 la connaissance des utilisateurs et visiteurs, ci-apr\u00e8s l\u00a0\u00bb\u00a0\u00bbUtilisateur\u00ab\u00a0, du site https:\/\/windup-winch.com\/ , ci-apr\u00e8s le \u00ab\u00a0Site\u00ab\u00a0, les pr\u00e9sentes mentions l\u00e9gales. La connexion &hellip;<\/p>\n<p class=\"read-more\"> <a class=\"\" href=\"https:\/\/windup-winch.com\/en\/mentions-legales\"> <span class=\"screen-reader-text\">Legal notice<\/span> Read More &raquo;<\/a><\/p>","protected":false},"author":1,"featured_media":0,"parent":0,"menu_order":0,"comment_status":"closed","ping_status":"closed","template":"","meta":{"site-sidebar-layout":"default","site-content-layout":"default","ast-main-header-display":"","ast-hfb-above-header-display":"","ast-hfb-below-header-display":"","ast-hfb-mobile-header-display":"","site-post-title":"","ast-breadcrumbs-content":"","ast-featured-img":"","footer-sml-layout":"","theme-transparent-header-meta":"","adv-header-id-meta":"","stick-header-meta":"","header-above-stick-meta":"","header-main-stick-meta":"","header-below-stick-meta":"","footnotes":""},"class_list":["post-173","page","type-page","status-publish","hentry"],"_links":{"self":[{"href":"https:\/\/windup-winch.com\/en\/wp-json\/wp\/v2\/pages\/173","targetHints":{"allow":["GET"]}}],"collection":[{"href":"https:\/\/windup-winch.com\/en\/wp-json\/wp\/v2\/pages"}],"about":[{"href":"https:\/\/windup-winch.com\/en\/wp-json\/wp\/v2\/types\/page"}],"author":[{"embeddable":true,"href":"https:\/\/windup-winch.com\/en\/wp-json\/wp\/v2\/users\/1"}],"replies":[{"embeddable":true,"href":"https:\/\/windup-winch.com\/en\/wp-json\/wp\/v2\/comments?post=173"}],"version-history":[{"count":5,"href":"https:\/\/windup-winch.com\/en\/wp-json\/wp\/v2\/pages\/173\/revisions"}],"predecessor-version":[{"id":881,"href":"https:\/\/windup-winch.com\/en\/wp-json\/wp\/v2\/pages\/173\/revisions\/881"}],"wp:attachment":[{"href":"https:\/\/windup-winch.com\/en\/wp-json\/wp\/v2\/media?parent=173"}],"curies":[{"name":"wp","href":"https:\/\/api.w.org\/{rel}","templated":true}]}}