

{"id":177,"date":"2022-02-22T22:35:40","date_gmt":"2022-02-22T22:35:40","guid":{"rendered":"https:\/\/windup-winch.000webhostapp.com\/?page_id=177"},"modified":"2025-06-02T09:18:00","modified_gmt":"2025-06-02T08:18:00","slug":"tire-par-windup","status":"publish","type":"page","link":"https:\/\/windup-winch.com\/en\/tire-par-windup","title":{"rendered":"The WindUP winch"},"content":{"rendered":"<div class=\"wp-block-columns alignfull has-background is-layout-flex wp-container-core-columns-is-layout-9d6595d7 wp-block-columns-is-layout-flex\" style=\"background-color:#0d0d0d\">\n<div class=\"wp-block-column is-layout-flow wp-block-column-is-layout-flow\" style=\"flex-basis:100%\">\n<p>The idea of this winch appeared years ago in french mountains where the wind is the least reliable. This winch was the solution to ride whatever the conditions and test boards on any remote spot while sharing it with friends. <br>Everything started years ago with prototypes using car wheels or heavy duty electric motors. After many trials, errors and prototypes, we managed to create a winch that is light, silent, ultra compact and with an incredible autonomy. It opens up endless possibilities with a foil and all of its disciplines.<\/p>\n<\/div>\n<\/div>\n\n\n\n<p align=\"center\"><iframe loading=\"lazy\" width=\"100%\" height=\"630\" src=\"https:\/\/www.youtube.com\/embed\/GB4_zebsbQ0?si=BIL4KhOCyRASG1js&amp;start=210;autoplay=1&#038;amp\" frameborder=\"0\" allow=\"accelerometer; autoplay; clipboard-write; encrypted-media; gyroscope; modestbranding=1&amp;picture-in-picture; web-share\" referrerpolicy=\"strict-origin-when-cross-origin\" allowfullscreen><\/iframe>\n\n\n\n<p align=\"center\"><iframe loading=\"lazy\" width=\"100%\" height=\"600\" src=\"https:\/\/www.youtube.com\/embed\/ENNJX1PwgOk=hd1080?loop=0&amp;autoplay=0&amp;playlist=ENNJX1PwgOk&amp;&amp;modestbranding=1&amp;rel=0\" title=\"YouTube video player\" frameborder=\"0\" allow=\"accelerometer; autoplay; clipboard-write; encrypted-media; gyroscope; picture-in-picture\" allowfullscreen=\"\"><\/iframe><\/p>\n\n\n\n<p align=\"center\"><iframe loading=\"lazy\" width=\"100%\" height=\"600\" src=\"https:\/\/www.youtube.com\/embed\/HDz4Ys5bRFs=hd1080?loop=0&amp;autoplay=0&amp;playlist=HDz4Ys5bRFs&amp;&amp;modestbranding=1&amp;rel=0\" title=\"YouTube video player\" frameborder=\"0\" allow=\"accelerometer; autoplay; clipboard-write; encrypted-media; gyroscope; picture-in-picture\" allowfullscreen=\"\"><\/iframe><\/p>\n\n\n\n<div class=\"wp-block-group is-layout-flow wp-block-group-is-layout-flow\"><div class=\"wp-block-group__inner-container\">\n<p>Be prepared to attract attention ! A completely silent foil that flies above water without wind or waves is pretty uncommon.<\/p>\n\n\n\n<p>The winch is also an ecological, economical and user friendly alternative to a boat.<\/p>\n<\/div><\/div>\n\n\n\n<div class=\"wp-block-group is-layout-flow wp-block-group-is-layout-flow\"><div class=\"wp-block-group__inner-container\">\n<p class=\"has-text-align-center\">On parle du projet WindUP :<\/p>\n\n\n\n<p>Find Hadrien Brunner's test and feedbacks on his blog <a href=\"https:\/\/www.pimpyourride.fr\/windup-winch-treuil-foil-eletrique-pumping-compact\/\" target=\"_blank\" rel=\"noreferrer noopener\">Pimpyourride<\/a><\/p>\n\n\n\n<p>Foil Magazine presents our project in <a href=\"https:\/\/foil-magazine.com\/foil-vent-accessoire-windup-treuil-pumping\/\" target=\"_blank\" rel=\"noreferrer noopener\">this article<\/a><\/p>\n\n\n\n<p>Today, the winch is also used for foil R&amp;D by the engineering school Seatech Toulon and for ski design by Decathlon<\/p>\n<\/div><\/div>\n\n\n\n<div class=\"wp-block-group is-layout-flow wp-block-group-is-layout-flow\"><div class=\"wp-block-group__inner-container\">\n<p class=\"has-text-align-center\">To see more possibilities allowed by the winch follow these links :<\/p>\n<\/div><\/div>","protected":false},"excerpt":{"rendered":"<p>L&rsquo;id\u00e9e du treuil est apparue il y a plusieurs ann\u00e9es dans le Jura o\u00f9 le vent est plus que capricieux. Le treuil \u00e9tait la solution pour rider par tous les temps, sur des spots insolites et en le partageant avec des amis. Ca a commenc\u00e9 avec des essais sur des jantes de voitures ou des &hellip;<\/p>\n<p class=\"read-more\"> <a class=\"\" href=\"https:\/\/windup-winch.com\/en\/tire-par-windup\"> <span class=\"screen-reader-text\">The WindUP winch<\/span> Read More &raquo;<\/a><\/p>","protected":false},"author":1,"featured_media":0,"parent":0,"menu_order":0,"comment_status":"closed","ping_status":"closed","template":"","meta":{"site-sidebar-layout":"default","site-content-layout":"default","ast-main-header-display":"","ast-hfb-above-header-display":"","ast-hfb-below-header-display":"","ast-hfb-mobile-header-display":"","site-post-title":"","ast-breadcrumbs-content":"","ast-featured-img":"","footer-sml-layout":"","theme-transparent-header-meta":"","adv-header-id-meta":"","stick-header-meta":"","header-above-stick-meta":"","header-main-stick-meta":"","header-below-stick-meta":"","footnotes":""},"class_list":["post-177","page","type-page","status-publish","hentry"],"_links":{"self":[{"href":"https:\/\/windup-winch.com\/en\/wp-json\/wp\/v2\/pages\/177","targetHints":{"allow":["GET"]}}],"collection":[{"href":"https:\/\/windup-winch.com\/en\/wp-json\/wp\/v2\/pages"}],"about":[{"href":"https:\/\/windup-winch.com\/en\/wp-json\/wp\/v2\/types\/page"}],"author":[{"embeddable":true,"href":"https:\/\/windup-winch.com\/en\/wp-json\/wp\/v2\/users\/1"}],"replies":[{"embeddable":true,"href":"https:\/\/windup-winch.com\/en\/wp-json\/wp\/v2\/comments?post=177"}],"version-history":[{"count":48,"href":"https:\/\/windup-winch.com\/en\/wp-json\/wp\/v2\/pages\/177\/revisions"}],"predecessor-version":[{"id":1139,"href":"https:\/\/windup-winch.com\/en\/wp-json\/wp\/v2\/pages\/177\/revisions\/1139"}],"wp:attachment":[{"href":"https:\/\/windup-winch.com\/en\/wp-json\/wp\/v2\/media?parent=177"}],"curies":[{"name":"wp","href":"https:\/\/api.w.org\/{rel}","templated":true}]}}