

{"id":2,"date":"2022-02-01T08:52:23","date_gmt":"2022-02-01T08:52:23","guid":{"rendered":"https:\/\/windup-winch.000webhostapp.com\/?page_id=2"},"modified":"2025-06-12T19:06:46","modified_gmt":"2025-06-12T18:06:46","slug":"home","status":"publish","type":"page","link":"https:\/\/windup-winch.com\/en\/","title":{"rendered":"Home"},"content":{"rendered":"<h6>\n    <p style=\"font-size:280%; margin: 0px 0px 50px 50px; color:white;font-family:jura ; vertical-align:bottom\"><br><br><b>We've got<br>wind in a box!<\/b><br><br><br><br><\/p>\n    <div class=\"wp-container-621a7726f2999 wp-block-buttons\">\n<div class=\"wp-block-button has-custom-width wp-block-button__width-50\"><a style=\"font-family:jura;font-weight: bold;padding: 8px 8px; color: black; background-color: #fff100;\" class=\"wp-block-button__link\" href=\"https:\/\/windup-winch.com\/en\/products555\/\"><b>ORDER<\/b><\/a><\/div>\n<div class=\"wp-block-button has-custom-width wp-block-button__width-50\"><a style=\"font-family:jura;font-weight: bold;padding: 8px 8px; color: black; background-color: #fff100;\" class=\"wp-block-button__link\" href=\"https:\/\/windup-winch.com\/en\/tire-par-windup\/\">LEARN MORE<\/a><\/div>\n<\/div>\n<p><br><br><br>\n\n<\/p><\/h6>\n\n\n\n<p class=\"has-text-align-center translation-block\" style=\"font-size:28px\">No wind ? No waves ?<br>No problem !<\/p>\n\n\n\n<p class=\"has-text-align-center\" style=\"font-size:28px\">First ever foil dedicated winch<\/p>\n\n\n\n<p class=\"has-text-align-center\" style=\"font-size:28px\">Flatten the foil learning curve and increase your playground<\/p>\n\n\n\n<div class=\"wp-block-columns is-layout-flex wp-container-core-columns-is-layout-9d6595d7 wp-block-columns-is-layout-flex\">\n<div class=\"wp-block-column is-layout-flow wp-block-column-is-layout-flow\" style=\"flex-basis:100%\"><\/div>\n<\/div>\n\n\n\n<p style=\"font-size:100%; margin: 0px 50px 0px 50px; color:white;font-family:jura;text-align:left\">Ultra light\u2714\ufe0f<\/p>\n\n\n\n<p style=\"font-size:100%; margin: 0px 50px 0px 50px; color:white;font-family:jura;text-align:center\">Ultra compact\u2714\ufe0f<\/p>\n\n\n\n<p style=\"font-size:100%; margin: 0px 50px 50px 50px; color:white;font-family:jura;text-align:right\">Easy to use\u2714\ufe0f<\/p>\n\n\n\n<p class=\"has-text-align-center\" style=\"font-size:28px\">|   <strong>Patent pending  <\/strong>|<\/p>\n\n\n\n<div class=\"wp-block-columns alignfull has-ast-global-color-5-color has-ast-global-color-1-background-color has-text-color has-background is-layout-flex wp-container-core-columns-is-layout-9d6595d7 wp-block-columns-is-layout-flex\">\n<div class=\"wp-block-column is-layout-flow wp-block-column-is-layout-flow\" style=\"flex-basis:100%\">\n<p class=\"has-text-align-center\">The WindUPwinch is an innovation that allows to ride in any conditions, to increase foiling possibilities and to learn foil without the constraints of the wind, the swell or a wing.<\/p>\n\n\n\n<div class=\"wp-block-buttons is-content-justification-center is-layout-flex wp-container-core-buttons-is-layout-16018d1d wp-block-buttons-is-layout-flex\">\n<div class=\"wp-block-button has-custom-width wp-block-button__width-50\"><a class=\"wp-block-button__link has-medium-font-size has-custom-font-size wp-element-button\" href=\"https:\/\/windup-winch.com\/en\/products555\/\" style=\"border-radius:4px\">ORDER<\/a><\/div>\n<\/div>\n<\/div>\n<\/div>\n\n\n\n<p><\/p>\n\n\n\n<div class=\"wp-block-buttons is-content-justification-space-between is-layout-flex wp-container-core-buttons-is-layout-3d213aab wp-block-buttons-is-layout-flex\">\n<div class=\"wp-block-button has-custom-width wp-block-button__width-50\"><a class=\"wp-block-button__link wp-element-button\" href=\"https:\/\/windup-winch.com\/en\/contact\/\">contact us<\/a><\/div>\n\n\n\n<div class=\"wp-block-button has-custom-width wp-block-button__width-50 is-style-fill\"><a class=\"wp-block-button__link wp-element-button\" href=\"https:\/\/windup-winch.com\/en\/tire-par-windup\/\">See more<\/a><\/div>\n<\/div>\n\n\n\n<p><\/p>\n\n\n\n<p class=\"has-text-align-center\">Designed, tested and built in France  <\/p>\n\n\n\n<div class=\"wp-block-group is-layout-flow wp-block-group-is-layout-flow\"><div class=\"wp-block-group__inner-container\">\n<figure class=\"wp-block-image aligncenter size-full\"><img loading=\"lazy\" decoding=\"async\" width=\"1022\" height=\"87\" src=\"http:\/\/windup-winch.com\/wp-content\/uploads\/2022\/02\/drapeau-francais-1024x682-2.jpg\" alt=\"\" class=\"wp-image-97\" srcset=\"https:\/\/windup-winch.com\/wp-content\/uploads\/2022\/02\/drapeau-francais-1024x682-2.jpg 1022w, https:\/\/windup-winch.com\/wp-content\/uploads\/2022\/02\/drapeau-francais-1024x682-2-600x51.jpg 600w, https:\/\/windup-winch.com\/wp-content\/uploads\/2022\/02\/drapeau-francais-1024x682-2-300x26.jpg 300w, https:\/\/windup-winch.com\/wp-content\/uploads\/2022\/02\/drapeau-francais-1024x682-2-768x65.jpg 768w, https:\/\/windup-winch.com\/wp-content\/uploads\/2022\/02\/drapeau-francais-1024x682-2-18x2.jpg 18w\" sizes=\"auto, (max-width: 1022px) 100vw, 1022px\" \/><\/figure>\n<\/div><\/div>","protected":false},"excerpt":{"rendered":"<p>On a misle vent en bo\u00eete ! COMMANDER EN SAVOIR PLUS Pas de vent ? Pas de vagues ? Pas de probl\u00e8me Le premier treuil d\u00e9di\u00e9 au foil Facilite l&rsquo;apprentissage du foil et augmente les possibilit\u00e9s de la discipline Ultra l\u00e9ger\u2714\ufe0f Ultra compact\u2714\ufe0f Facile d&rsquo;utilisation\u2714\ufe0f | Brevet d\u00e9pos\u00e9 | Le treuil WindUP est l&rsquo;invention qui &hellip;<\/p>\n<p class=\"read-more\"> <a class=\"\" href=\"https:\/\/windup-winch.com\/en\/\"> <span class=\"screen-reader-text\">Home<\/span> Read More &raquo;<\/a><\/p>","protected":false},"author":1,"featured_media":0,"parent":0,"menu_order":0,"comment_status":"closed","ping_status":"closed","template":"","meta":{"site-sidebar-layout":"default","site-content-layout":"default","ast-main-header-display":"","ast-hfb-above-header-display":"","ast-hfb-below-header-display":"","ast-hfb-mobile-header-display":"","site-post-title":"","ast-breadcrumbs-content":"","ast-featured-img":"","footer-sml-layout":"","theme-transparent-header-meta":"","adv-header-id-meta":"","stick-header-meta":"","header-above-stick-meta":"","header-main-stick-meta":"","header-below-stick-meta":"","footnotes":""},"class_list":["post-2","page","type-page","status-publish","hentry"],"_links":{"self":[{"href":"https:\/\/windup-winch.com\/en\/wp-json\/wp\/v2\/pages\/2","targetHints":{"allow":["GET"]}}],"collection":[{"href":"https:\/\/windup-winch.com\/en\/wp-json\/wp\/v2\/pages"}],"about":[{"href":"https:\/\/windup-winch.com\/en\/wp-json\/wp\/v2\/types\/page"}],"author":[{"embeddable":true,"href":"https:\/\/windup-winch.com\/en\/wp-json\/wp\/v2\/users\/1"}],"replies":[{"embeddable":true,"href":"https:\/\/windup-winch.com\/en\/wp-json\/wp\/v2\/comments?post=2"}],"version-history":[{"count":240,"href":"https:\/\/windup-winch.com\/en\/wp-json\/wp\/v2\/pages\/2\/revisions"}],"predecessor-version":[{"id":1165,"href":"https:\/\/windup-winch.com\/en\/wp-json\/wp\/v2\/pages\/2\/revisions\/1165"}],"wp:attachment":[{"href":"https:\/\/windup-winch.com\/en\/wp-json\/wp\/v2\/media?parent=2"}],"curies":[{"name":"wp","href":"https:\/\/api.w.org\/{rel}","templated":true}]}}