

{"id":232,"date":"2022-02-24T13:13:56","date_gmt":"2022-02-24T13:13:56","guid":{"rendered":"https:\/\/windup-winch.000webhostapp.com\/?page_id=232"},"modified":"2025-05-22T16:10:59","modified_gmt":"2025-05-22T15:10:59","slug":"notice","status":"publish","type":"page","link":"https:\/\/windup-winch.com\/en\/notice","title":{"rendered":"Notice"},"content":{"rendered":"<p><\/p>\n\n\n\n<p class=\"has-text-align-center\">Thank you for your trust !<\/p>\n\n\n\n<div class=\"wp-block-group is-layout-constrained wp-block-group-is-layout-constrained\"><div class=\"wp-block-group__inner-container\">\n<p class=\"has-text-align-center\">Find below the quick user guide of the winch and a link toward tutorial videos.\nRead carefully the instruction before use.<\/p>\n<\/div><\/div>\n\n\n\n<div class=\"wp-block-group is-layout-flow wp-block-group-is-layout-flow\"><div class=\"wp-block-group__inner-container\">\n<div class=\"wp-block-columns is-layout-flex wp-container-core-columns-is-layout-9d6595d7 wp-block-columns-is-layout-flex\">\n<div class=\"wp-block-column is-layout-flow wp-block-column-is-layout-flow\" style=\"flex-basis:100%\">\n<div data-wp-interactive=\"core\/file\" class=\"wp-block-file\"><object data-wp-bind--hidden=\"!state.hasPdfPreview\" hidden class=\"wp-block-file__embed\" data=\"https:\/\/windup-winch.com\/wp-content\/uploads\/2025\/05\/WindUP-V2-notice-utilisation-treuil-3.pdf\" type=\"application\/pdf\" style=\"width:100%;height:600px\" aria-label=\"Embed of WindUP V2 notice utilisation treuil (3).\"><\/object><a id=\"wp-block-file--media-c995c2a9-489a-4bf9-bcd5-78f66fb34653\" href=\"https:\/\/windup-winch.com\/wp-content\/uploads\/2025\/05\/WindUP-V2-notice-utilisation-treuil-3.pdf\" target=\"_blank\" rel=\"noreferrer noopener\">WindUP V2 notice utilisation treuil (3)<\/a><a href=\"https:\/\/windup-winch.com\/wp-content\/uploads\/2025\/05\/WindUP-V2-notice-utilisation-treuil-3.pdf\" class=\"wp-block-file__button wp-element-button\" download aria-describedby=\"wp-block-file--media-c995c2a9-489a-4bf9-bcd5-78f66fb34653\">Download<\/a><\/div>\n<\/div>\n<\/div>\n<\/div><\/div>\n\n\n\n<div class=\"wp-block-group is-layout-flow wp-block-group-is-layout-flow\"><div class=\"wp-block-group__inner-container\">\n<div data-wp-interactive=\"core\/file\" class=\"wp-block-file\"><object data-wp-bind--hidden=\"!state.hasPdfPreview\" hidden class=\"wp-block-file__embed\" data=\"https:\/\/windup-winch.com\/wp-content\/uploads\/2025\/05\/WindUP-Winch-V2-user-guide.pdf\" type=\"application\/pdf\" style=\"width:100%;height:600px\" aria-label=\"Embed of WindUP Winch V2 user guide.\"><\/object><a id=\"wp-block-file--media-28a4dd2f-02c3-42d3-8b18-2ef891e40ae3\" href=\"https:\/\/windup-winch.com\/wp-content\/uploads\/2025\/05\/WindUP-Winch-V2-user-guide.pdf\" target=\"_blank\" rel=\"noreferrer noopener\">WindUP Winch V2 user guide<\/a><a href=\"https:\/\/windup-winch.com\/wp-content\/uploads\/2025\/05\/WindUP-Winch-V2-user-guide.pdf\" class=\"wp-block-file__button wp-element-button\" download aria-describedby=\"wp-block-file--media-28a4dd2f-02c3-42d3-8b18-2ef891e40ae3\">Download<\/a><\/div>\n<\/div><\/div>\n\n\n\n<p class=\"has-text-align-center\">You can also watch <a href=\"https:\/\/youtube.com\/playlist?list=PL9ueNeKTy4ifIryVU35RKChcrSdmd-iM2\" target=\"_blank\" rel=\"noreferrer noopener\">these videos<\/a> on how to use the winch properly.<\/p>","protected":false},"excerpt":{"rendered":"<p>Merci beaucoup pour votre confiance ! Vous trouverez ci dessous une notice d&rsquo;utilisation du treuil ainsi qu&rsquo;un lien vers des vid\u00e9os explicatives. Lisez la notice attentivement avant toute utilisation du treuil et \u00e0 bient\u00f4t sur l&rsquo;eau ! Vous pouvez aussi visionner ces vid\u00e9os expliquant la mise en route du treuil.<\/p>","protected":false},"author":1,"featured_media":0,"parent":0,"menu_order":0,"comment_status":"closed","ping_status":"closed","template":"","meta":{"site-sidebar-layout":"default","site-content-layout":"default","ast-main-header-display":"","ast-hfb-above-header-display":"","ast-hfb-below-header-display":"","ast-hfb-mobile-header-display":"","site-post-title":"","ast-breadcrumbs-content":"","ast-featured-img":"","footer-sml-layout":"","theme-transparent-header-meta":"","adv-header-id-meta":"","stick-header-meta":"","header-above-stick-meta":"","header-main-stick-meta":"","header-below-stick-meta":"","footnotes":""},"class_list":["post-232","page","type-page","status-publish","hentry"],"_links":{"self":[{"href":"https:\/\/windup-winch.com\/en\/wp-json\/wp\/v2\/pages\/232","targetHints":{"allow":["GET"]}}],"collection":[{"href":"https:\/\/windup-winch.com\/en\/wp-json\/wp\/v2\/pages"}],"about":[{"href":"https:\/\/windup-winch.com\/en\/wp-json\/wp\/v2\/types\/page"}],"author":[{"embeddable":true,"href":"https:\/\/windup-winch.com\/en\/wp-json\/wp\/v2\/users\/1"}],"replies":[{"embeddable":true,"href":"https:\/\/windup-winch.com\/en\/wp-json\/wp\/v2\/comments?post=232"}],"version-history":[{"count":37,"href":"https:\/\/windup-winch.com\/en\/wp-json\/wp\/v2\/pages\/232\/revisions"}],"predecessor-version":[{"id":1115,"href":"https:\/\/windup-winch.com\/en\/wp-json\/wp\/v2\/pages\/232\/revisions\/1115"}],"wp:attachment":[{"href":"https:\/\/windup-winch.com\/en\/wp-json\/wp\/v2\/media?parent=232"}],"curies":[{"name":"wp","href":"https:\/\/api.w.org\/{rel}","templated":true}]}}