

{"id":405,"date":"2022-02-26T16:48:43","date_gmt":"2022-02-26T16:48:43","guid":{"rendered":"https:\/\/windup-winch.com\/?page_id=405"},"modified":"2022-03-29T22:00:58","modified_gmt":"2022-03-29T21:00:58","slug":"fonctionnement-des-precommandes","status":"publish","type":"page","link":"https:\/\/windup-winch.com\/en\/fonctionnement-des-precommandes","title":{"rendered":"How pre-orders work"},"content":{"rendered":"<div class=\"wp-block-group is-layout-flow wp-block-group-is-layout-flow\"><div class=\"wp-block-group__inner-container\">\n<p>Nous lan\u00e7ons des pr\u00e9commandes pour rendre disponible le treuil d\u00e9s que possible et pour nous permettre d&rsquo;avoir une visibilit\u00e9 sur les quantit\u00e9s et approvisionnements. Cela permet aussi d&rsquo;\u00e9viter la surproduction dans un souci \u00e9cologique. Cela permet de vous offrir le prix le plus juste. Nous choisissons aussi de limiter les pr\u00e9commandes pour rester dans la limite de nos capacit\u00e9s de production actuelles.<\/p>\n<\/div><\/div>\n\n\n\n<div class=\"wp-block-group is-layout-flow wp-block-group-is-layout-flow\"><div class=\"wp-block-group__inner-container\">\n<p><br>En contrepartie, vous comprendrez que les d\u00e9lais de livraisons sont plus \u00e9lev\u00e9s que pour un produit classique. Nous mettons toutefois tout en place pour livrer les treuils d\u00e9s que possible. En cas de retard nous vous contacterons pour vous en informer et vous donner des nouvelles et des pr\u00e9cisions de l&rsquo;avancement. Les d\u00e9lais de livraison sont sp\u00e9cifiques et pr\u00e9cis\u00e9s pour chaque offre.<\/p>\n\n\n\n<p>N&rsquo;h\u00e9sitez pas \u00e0 nous contacter pour tout besoin d&rsquo;information suppl\u00e9mentaire ou sp\u00e9cifique.<\/p>\n<\/div><\/div>","protected":false},"excerpt":{"rendered":"<p>Nous lan\u00e7ons des pr\u00e9commandes pour rendre disponible le treuil d\u00e9s que possible et pour nous permettre d&rsquo;avoir une visibilit\u00e9 sur les quantit\u00e9s et approvisionnements. Cela permet aussi d&rsquo;\u00e9viter la surproduction dans un souci \u00e9cologique. Cela permet de vous offrir le prix le plus juste. Nous choisissons aussi de limiter les pr\u00e9commandes pour rester dans la &hellip;<\/p>\n<p class=\"read-more\"> <a class=\"\" href=\"https:\/\/windup-winch.com\/en\/fonctionnement-des-precommandes\"> <span class=\"screen-reader-text\">How pre-orders work<\/span> Read More &raquo;<\/a><\/p>","protected":false},"author":1,"featured_media":0,"parent":0,"menu_order":0,"comment_status":"closed","ping_status":"closed","template":"","meta":{"site-sidebar-layout":"default","site-content-layout":"default","ast-main-header-display":"","ast-hfb-above-header-display":"","ast-hfb-below-header-display":"","ast-hfb-mobile-header-display":"","site-post-title":"","ast-breadcrumbs-content":"","ast-featured-img":"","footer-sml-layout":"","theme-transparent-header-meta":"","adv-header-id-meta":"","stick-header-meta":"","header-above-stick-meta":"","header-main-stick-meta":"","header-below-stick-meta":"","footnotes":""},"class_list":["post-405","page","type-page","status-publish","hentry"],"_links":{"self":[{"href":"https:\/\/windup-winch.com\/en\/wp-json\/wp\/v2\/pages\/405","targetHints":{"allow":["GET"]}}],"collection":[{"href":"https:\/\/windup-winch.com\/en\/wp-json\/wp\/v2\/pages"}],"about":[{"href":"https:\/\/windup-winch.com\/en\/wp-json\/wp\/v2\/types\/page"}],"author":[{"embeddable":true,"href":"https:\/\/windup-winch.com\/en\/wp-json\/wp\/v2\/users\/1"}],"replies":[{"embeddable":true,"href":"https:\/\/windup-winch.com\/en\/wp-json\/wp\/v2\/comments?post=405"}],"version-history":[{"count":5,"href":"https:\/\/windup-winch.com\/en\/wp-json\/wp\/v2\/pages\/405\/revisions"}],"predecessor-version":[{"id":595,"href":"https:\/\/windup-winch.com\/en\/wp-json\/wp\/v2\/pages\/405\/revisions\/595"}],"wp:attachment":[{"href":"https:\/\/windup-winch.com\/en\/wp-json\/wp\/v2\/media?parent=405"}],"curies":[{"name":"wp","href":"https:\/\/api.w.org\/{rel}","templated":true}]}}