

{"id":560,"date":"2022-03-29T09:23:04","date_gmt":"2022-03-29T08:23:04","guid":{"rendered":"https:\/\/windup-winch.com\/?page_id=560"},"modified":"2022-03-30T00:29:02","modified_gmt":"2022-03-29T23:29:02","slug":"test-precommandes","status":"publish","type":"page","link":"https:\/\/windup-winch.com\/en\/test-precommandes","title":{"rendered":"test pr\u00e9commandes"},"content":{"rendered":"\n<div class=\"wp-block-group is-layout-flow wp-block-group-is-layout-flow\"><div class=\"wp-block-group__inner-container\"><div class=\"woocommerce\">\t\t\t<div class=\"single-product\" data-product-page-preselected-id=\"0\">\n\t\t\t\t<div class=\"woocommerce-notices-wrapper\"><\/div><div id=\"product-577\" class=\"ast-grid-common-col ast-full-width ast-article-post product type-product post-577 status-publish first outofstock product_cat-treuil has-post-thumbnail shipping-taxable purchasable product-type-simple\">\n\n\t<div class=\"woocommerce-product-gallery woocommerce-product-gallery--with-images woocommerce-product-gallery--columns-4 images\" data-columns=\"4\" style=\"opacity: 0; transition: opacity .25s ease-in-out;\">\n\t<div class=\"woocommerce-product-gallery__wrapper\">\n\t\t<div data-thumb=\"https:\/\/windup-winch.com\/wp-content\/uploads\/2025\/03\/rendu-horizontal-sans-fil-100x100.png\" data-thumb-alt=\"Treuil WindUP V2\" data-thumb-srcset=\"https:\/\/windup-winch.com\/wp-content\/uploads\/2025\/03\/rendu-horizontal-sans-fil-100x100.png 100w, https:\/\/windup-winch.com\/wp-content\/uploads\/2025\/03\/rendu-horizontal-sans-fil-150x150.png 150w, https:\/\/windup-winch.com\/wp-content\/uploads\/2025\/03\/rendu-horizontal-sans-fil-300x300.png 300w\"  data-thumb-sizes=\"(max-width: 100px) 100vw, 100px\" class=\"woocommerce-product-gallery__image\"><a href=\"https:\/\/windup-winch.com\/wp-content\/uploads\/2025\/03\/rendu-horizontal-sans-fil.png\"><img loading=\"lazy\" decoding=\"async\" width=\"600\" height=\"338\" src=\"https:\/\/windup-winch.com\/wp-content\/uploads\/2025\/03\/rendu-horizontal-sans-fil-600x338.png\" class=\"wp-post-image\" alt=\"Treuil WindUP V2\" data-caption=\"\" data-src=\"https:\/\/windup-winch.com\/wp-content\/uploads\/2025\/03\/rendu-horizontal-sans-fil.png\" data-large_image=\"https:\/\/windup-winch.com\/wp-content\/uploads\/2025\/03\/rendu-horizontal-sans-fil.png\" data-large_image_width=\"1920\" data-large_image_height=\"1080\" srcset=\"https:\/\/windup-winch.com\/wp-content\/uploads\/2025\/03\/rendu-horizontal-sans-fil-600x338.png 600w, https:\/\/windup-winch.com\/wp-content\/uploads\/2025\/03\/rendu-horizontal-sans-fil-300x169.png 300w, https:\/\/windup-winch.com\/wp-content\/uploads\/2025\/03\/rendu-horizontal-sans-fil-1024x576.png 1024w, https:\/\/windup-winch.com\/wp-content\/uploads\/2025\/03\/rendu-horizontal-sans-fil-768x432.png 768w, https:\/\/windup-winch.com\/wp-content\/uploads\/2025\/03\/rendu-horizontal-sans-fil-1536x864.png 1536w, https:\/\/windup-winch.com\/wp-content\/uploads\/2025\/03\/rendu-horizontal-sans-fil-18x10.png 18w, https:\/\/windup-winch.com\/wp-content\/uploads\/2025\/03\/rendu-horizontal-sans-fil.png 1920w\" sizes=\"auto, (max-width: 600px) 100vw, 600px\" \/><\/a><\/div>\t<\/div>\n<\/div>\n\n\t<div class=\"summary entry-summary\">\n\t\t<h1 class=\"product_title entry-title\">Treuil WindUP V2<\/h1><p class=\"price\"><span class=\"woocommerce-Price-amount amount\"><bdi>1480&nbsp;<span class=\"woocommerce-Price-currencySymbol\">&euro;<\/span><\/bdi><\/span><\/p>\n<p class=\"stock out-of-stock\">Disponible sur commande via le formulaire de contact<\/p>\n<div class=\"product_meta\">\n\n\t\n\t\n\t<span class=\"posted_in\">Cat\u00e9gory\u00a0: <a href=\"https:\/\/windup-winch.com\/en\/product-category\/treuil\" rel=\"tag\">Treuil<\/a><\/span>\n\t\n\t\n<\/div>\n\t<\/div>\n\n\t\n\t<div class=\"woocommerce-tabs wc-tabs-wrapper\">\n\t\t<ul class=\"tabs wc-tabs\" role=\"tablist\">\n\t\t\t\t\t\t\t<li role=\"presentation\" class=\"description_tab\" id=\"tab-title-description\">\n\t\t\t\t\t<a href=\"#tab-description\" role=\"tab\" aria-controls=\"tab-description\">\n\t\t\t\t\t\tDescription\t\t\t\t\t<\/a>\n\t\t\t\t<\/li>\n\t\t\t\t\t<\/ul>\n\t\t\t\t\t<div class=\"woocommerce-Tabs-panel woocommerce-Tabs-panel--description panel entry-content wc-tab\" id=\"tab-description\" role=\"tabpanel\" aria-labelledby=\"tab-title-description\">\n\t\t\t\t\n\t<h2>Description<\/h2>\n\n<h2 style=\"text-align: left;\"><\/h2>\r\n&nbsp;\r\n\r\nLe treuil WindUP est un treuil ultra compact, l\u00e9ger et portable d\u00e9di\u00e9 au foil.\r\nIl ouvre des possibilit\u00e9s infinies pour le surfoil, le pumping, ou l&rsquo;apprentissage du foil.\r\n\r\n&nbsp;\r\n\r\nLa version V2 permet maintenant une utilisation en continu et en autonomie gr\u00e2ce \u00e0 une option t\u00e9l\u00e9commande.\r\n<ul>\r\n \t<li>Pr\u00eat \u00e0 l\u2019usage : Batterie, chargeur, corde et palonnier inclus<\/li>\r\n \t<li>Facile \u00e0 ancrer : Point d\u2019ancrage unique. Ancrage possible dans le sable, sur une digue, une berge un bateau ou tout autre point fixe.<\/li>\r\n \t<li>Utilisation en autonomie et en continu possible<\/li>\r\n \t<li>Option t\u00e9l\u00e9commande sans fil disponible<\/li>\r\n<\/ul>\r\nEn savoir plus sur le treuil sur <a href=\"https:\/\/windup-winch.com\/tire-par-windup\"><em><strong>cette page<\/strong><\/em>.<\/a>\t\t\t<\/div>\n\t\t\n\t\t\t<\/div>\n\n<\/div>\n\n\t\t\t<\/div>\n\t\t\t<\/div>\n<\/div><\/div>\n\n\n\n<div class=\"wp-block-group is-layout-flow wp-block-group-is-layout-flow\"><div class=\"wp-block-group__inner-container\">\t<div class=\"asp_product_item\">\n\t\t<div class=\"asp_product_item_top\">\n\t\t<div class=\"asp_product_item_thumbnail\">\n\t\t\t\n\t\t<\/div>\n\t\t<div class=\"asp_product_name\">\n\t\t\tContribution\n\t\t<\/div>\n\t\t<\/div>\n\t\t<div style=\"clear:both;\"><\/div>\n\t\t<div class=\"asp_product_description\">\n\t\t<p><img loading=\"lazy\" decoding=\"async\" class=\"size-medium wp-image-34 aligncenter\" src=\"https:\/\/windup-winch.000webhostapp.com\/wp-content\/uploads\/2022\/02\/cropped-bandeau-300x76.png\" alt=\"\" width=\"300\" height=\"76\" srcset=\"https:\/\/windup-winch.com\/wp-content\/uploads\/2022\/02\/cropped-bandeau-300x76.png 300w, https:\/\/windup-winch.com\/wp-content\/uploads\/2022\/02\/cropped-bandeau-1024x261.png 1024w, https:\/\/windup-winch.com\/wp-content\/uploads\/2022\/02\/cropped-bandeau-768x195.png 768w, https:\/\/windup-winch.com\/wp-content\/uploads\/2022\/02\/cropped-bandeau-1536x391.png 1536w, https:\/\/windup-winch.com\/wp-content\/uploads\/2022\/02\/cropped-bandeau-2048x521.png 2048w, https:\/\/windup-winch.com\/wp-content\/uploads\/2022\/02\/cropped-bandeau-18x5.png 18w, https:\/\/windup-winch.com\/wp-content\/uploads\/2022\/02\/cropped-bandeau-600x153.png 600w, https:\/\/windup-winch.com\/wp-content\/uploads\/2022\/02\/cropped-bandeau-356x91.png 356w\" sizes=\"auto, (max-width: 300px) 100vw, 300px\" \/><\/p>\n<p>Si vous aimez notre travail et voulez avoir un impact positif sur le projet, soutenez-nous par un don libre. Il permettrait l'investissement dans une machine \u00e0 commande num\u00e9rique permettant une encore plus grande proportion de fabrication fran\u00e7aise et locale.<br \/>\nMais un simple message de soutien sera \u00e9videmment tr\u00e8s appr\u00e9ci\u00e9 et tout aussi motivant.<\/p>\n\n\t\t<\/div>\n\t\t<div class=\"asp_price_container\">\n\t\t<span class=\"asp_price_amount\"><\/span> <span class=\"asp_new_price_amount\"><\/span> <span class=\"asp_quantity\"><\/span>\n\t\t<div class=\"asp_under_price_line\"><\/div>\n\t\t<\/div>\n\t\t<div class=\"asp_product_buy_button\">\n\t\t<div class=\"asp-processing-cont\" style=\"display:none;\"><span class=\"asp-processing\">Processing <i>.<\/i><i>.<\/i><i>.<\/i><\/span><\/div><form id=\"asp_ng_form_069f5e2933b5b8\" class=\"asp-stripe-form\" action=\"\"  method=\"POST\"> <input type=\"hidden\" name=\"asp_product_id\" value=\"133\" \/><div class=\"asp-child-hidden-fields\" style=\"display: none !important;\"><\/div><\/form><div id=\"asp-all-buttons-container-069f5e2933b5b8\" class=\"asp_all_buttons_container\"><div class=\"asp_product_buy_btn_container\"><button id=\"asp_ng_button_069f5e2933b5b8\" type=\"submit\" class=\"wp-block-button\" ><span>Contribuer<\/span><\/button><\/div><noscript>Stripe Payments requires Javascript to be supported by the browser in order to operate.<\/noscript><\/div><div id=\"asp-btn-spinner-container-069f5e2933b5b8\" class=\"asp-btn-spinner-container\" style=\"display: none !important\"><div class=\"asp-btn-spinner\"><div><\/div><div><\/div><div><\/div><div><\/div><\/div><\/div><script>var asp_data_069f5e2933b5b8 = {\"is_live\":true,\"product_id\":133,\"iframe_url\":\"https:\\\/\\\/windup-winch.com\\\/en\\\/asp-payment-box\\\/?product_id=133\",\"button_key\":\"ac2c097c6bbd2984f487eea7ad589778\",\"item_price\":0,\"quantity\":1,\"custom_quantity\":\"\",\"description\":\"\",\"descrGenerated\":false,\"shipping\":0,\"tax\":0,\"image\":\"\",\"currency\":\"EUR\",\"currency_variable\":\"\",\"locale\":\"auto\",\"name\":\"Contribution\",\"url\":\"\",\"amount\":0,\"billingAddress\":true,\"shippingAddress\":false,\"customer_email\":\"\",\"uniq_id\":\"069f5e2933b5b8\",\"variable\":true,\"zeroCents\":[\"JPY\",\"MGA\",\"VND\",\"KRW\"],\"addonHooks\":[\"recaptcha\"],\"button_text\":\"Contribuer\",\"out_of_stock\":false,\"stock_control_enabled\":false,\"stock_items\":0,\"currencyFormat\":{\"c\":0,\"d\":\",\",\"t\":\" \",\"s\":\"\\u20ac\",\"pos\":\"right\"},\"displayStr\":{\"tax\":\"%s (tax)\",\"ship\":\"%s (shipping)\"},\"thankyou_page_url\":\"\",\"show_custom_amount_input\":false,\"recaptchaSiteKey\":\"6LfMqaIgAAAAAEoKqxSySf5Re8uFphBCNQreNQgh\"};if(typeof jQuery!==\"undefined\") {jQuery(document).ready(function() {new stripeHandlerNG(asp_data_069f5e2933b5b8);});} else { if (typeof wpaspInitOnDocReady===\"undefined\") {var wpaspInitOnDocReady=[];} wpaspInitOnDocReady.push(asp_data_069f5e2933b5b8);}<\/script>\n\t\t<\/div>\n\t<\/div>\n\t\n<\/div><\/div>\n","protected":false},"excerpt":{"rendered":"<p>Contribution Si vous aimez notre travail et voulez avoir un impact positif sur le projet, soutenez-nous par un don libre. Il permettrait l&rsquo;investissement dans une machine \u00e0 commande num\u00e9rique permettant une encore plus grande proportion de fabrication fran\u00e7aise et locale. Mais un simple message de soutien sera \u00e9videmment tr\u00e8s appr\u00e9ci\u00e9 et tout aussi motivant.<\/p>","protected":false},"author":1,"featured_media":0,"parent":0,"menu_order":0,"comment_status":"closed","ping_status":"closed","template":"","meta":{"site-sidebar-layout":"default","site-content-layout":"default","ast-main-header-display":"","ast-hfb-above-header-display":"","ast-hfb-below-header-display":"","ast-hfb-mobile-header-display":"","site-post-title":"","ast-breadcrumbs-content":"","ast-featured-img":"","footer-sml-layout":"","theme-transparent-header-meta":"","adv-header-id-meta":"","stick-header-meta":"","header-above-stick-meta":"","header-main-stick-meta":"","header-below-stick-meta":"","footnotes":""},"class_list":["post-560","page","type-page","status-publish","hentry"],"_links":{"self":[{"href":"https:\/\/windup-winch.com\/en\/wp-json\/wp\/v2\/pages\/560","targetHints":{"allow":["GET"]}}],"collection":[{"href":"https:\/\/windup-winch.com\/en\/wp-json\/wp\/v2\/pages"}],"about":[{"href":"https:\/\/windup-winch.com\/en\/wp-json\/wp\/v2\/types\/page"}],"author":[{"embeddable":true,"href":"https:\/\/windup-winch.com\/en\/wp-json\/wp\/v2\/users\/1"}],"replies":[{"embeddable":true,"href":"https:\/\/windup-winch.com\/en\/wp-json\/wp\/v2\/comments?post=560"}],"version-history":[{"count":17,"href":"https:\/\/windup-winch.com\/en\/wp-json\/wp\/v2\/pages\/560\/revisions"}],"predecessor-version":[{"id":620,"href":"https:\/\/windup-winch.com\/en\/wp-json\/wp\/v2\/pages\/560\/revisions\/620"}],"wp:attachment":[{"href":"https:\/\/windup-winch.com\/en\/wp-json\/wp\/v2\/media?parent=560"}],"curies":[{"name":"wp","href":"https:\/\/api.w.org\/{rel}","templated":true}]}}