

{"id":844,"date":"2022-07-05T23:54:20","date_gmt":"2022-07-05T22:54:20","guid":{"rendered":"https:\/\/windup-winch.com\/products"},"modified":"2023-03-07T08:27:40","modified_gmt":"2023-03-07T08:27:40","slug":"products-temp","status":"publish","type":"page","link":"https:\/\/windup-winch.com\/en\/products-temp","title":{"rendered":"Products"},"content":{"rendered":"<div class=\"wpec_shop_products\"><div class=\"wp-asp-post-grid wp-asp-grid\">\n\t\n<div id=\"asp-sort-wrapper\">\t\n<form method=\"GET\" id=\"asp-sort-by-form\" action=\"\">\n<select id=\"asp-sort-by\" name=\"asp-sortby\">\n\t<option value=\"\">Select sorting option<\/option>\n\t<option  value=\"id-desc\">Sort by latest<\/option>\n\t<option  value=\"title-asc\">Sort by title<\/option>\n\t<option  value=\"price-asc\">Sort by price (low to high)<\/option>\n\t<option  value=\"price-desc\">Sort by price(high to low)<\/option>\n<\/select>\n<input type=\"hidden\" name=\"trp-form-language\" value=\"en\"\/><\/form>\n<\/div>\n\n\n<form id=\"wp-asp-search-form\" method=\"GET\" action=\"\">\n\t<div class=\"wp-asp-listing-search-field\">\n\t\t<input type=\"text\" class=\"wp-asp-search-input\" name=\"asp_search\" value=\"\" placeholder=\"Search ...\">\n\t<button type=\"submit\" class=\"wp-asp-search-button\" value=\"Search\" title=\"Search\"><span class=\"dashicons dashicons-search\"><\/button>\n\t<\/div>\n<input type=\"hidden\" name=\"trp-form-language\" value=\"en\"\/><\/form>\n<div class=\"wp-asp-search-res-text\">\n\t\n<\/div>\n\n\t<div id=\"wp-asp-members-list\">\n\t\t<div class=\"wp-asp-grid-row\"><div class=\"wp-asp-grid-item wp-asp-product-id-45\">\n\t<div class=\"wp-asp-product-thumb\"><img decoding=\"async\" src=\"https:\/\/windup-winch.com\/wp-content\/plugins\/stripe-payments\/assets\/product-thumb-placeholder.png\"><\/div>\n\t<div class=\"wp-asp-product-price\">0\u20ac<\/div>\n\t<div class=\"wp-asp-product-name\">Treuil WindUP | Early bird \/ Testeur \/ Ambassadeur<\/div>\n\t<div class=\"wp-asp-view-product-btn\"><a href=\"https:\/\/windup-winch.com\/en\/asp-products\/treuil\" class=\"wp-asp-view-product-lnk\"><button>View Item<\/button><\/a><\/div>\n<\/div>\n<div class=\"wp-asp-grid-item wp-asp-product-id-133\">\n\t<div class=\"wp-asp-product-thumb\"><img decoding=\"async\" src=\"https:\/\/windup-winch.com\/wp-content\/plugins\/stripe-payments\/assets\/product-thumb-placeholder.png\"><\/div>\n\t<div class=\"wp-asp-product-price\">0\u20ac<\/div>\n\t<div class=\"wp-asp-product-name\">Contribution<\/div>\n\t<div class=\"wp-asp-view-product-btn\"><a href=\"https:\/\/windup-winch.com\/en\/asp-products\/don\" class=\"wp-asp-view-product-lnk\"><button>View Item<\/button><\/a><\/div>\n<\/div>\n<div class=\"wp-asp-grid-item wp-asp-product-id-466\">\n\t<div class=\"wp-asp-product-thumb\"><img decoding=\"async\" src=\"https:\/\/windup-winch.com\/wp-content\/plugins\/stripe-payments\/assets\/product-thumb-placeholder.png\"><\/div>\n\t<div class=\"wp-asp-product-price\">1 280\u20ac<\/div>\n\t<div class=\"wp-asp-product-name\">WindUP Winch Pre-order<\/div>\n\t<div class=\"wp-asp-view-product-btn\"><a href=\"https:\/\/windup-winch.com\/en\/asp-products\/treuil-windup-precommande\" class=\"wp-asp-view-product-lnk\"><button>View Item<\/button><\/a><\/div>\n<\/div>\n<\/div><div class=\"wp-asp-grid-row\"><div class=\"wp-asp-grid-item wp-asp-product-id-468\">\n\t<div class=\"wp-asp-product-thumb\"><img decoding=\"async\" src=\"https:\/\/windup-winch.com\/wp-content\/plugins\/stripe-payments\/assets\/product-thumb-placeholder.png\"><\/div>\n\t<div class=\"wp-asp-product-price\">100\u20ac<\/div>\n\t<div class=\"wp-asp-product-name\">Carte 120 \u20ac<\/div>\n\t<div class=\"wp-asp-view-product-btn\"><a href=\"https:\/\/windup-winch.com\/en\/asp-products\/120-e\" class=\"wp-asp-view-product-lnk\"><button>View Item<\/button><\/a><\/div>\n<\/div>\n<\/div>\n\t<\/div>\n\t\n<\/div>\n<\/div>","protected":false},"excerpt":{"rendered":"<p>Carte 120 \u20ac Vous voulez soutenir le projet, b\u00e9n\u00e9ficier d&rsquo;une r\u00e9duction, r\u00e9server un treuil ou\u00a0 faire un cadeau, cette carte est faite pour vous. Elle permet une r\u00e9duction sur le prochain achat WindUP. 100\u20ac<\/p>","protected":false},"author":1,"featured_media":0,"parent":0,"menu_order":0,"comment_status":"closed","ping_status":"closed","template":"","meta":{"site-sidebar-layout":"default","site-content-layout":"default","ast-main-header-display":"","ast-hfb-above-header-display":"","ast-hfb-below-header-display":"","ast-hfb-mobile-header-display":"","site-post-title":"","ast-breadcrumbs-content":"","ast-featured-img":"","footer-sml-layout":"","theme-transparent-header-meta":"","adv-header-id-meta":"","stick-header-meta":"","header-above-stick-meta":"","header-main-stick-meta":"","header-below-stick-meta":"","footnotes":""},"class_list":["post-844","page","type-page","status-publish","hentry"],"_links":{"self":[{"href":"https:\/\/windup-winch.com\/en\/wp-json\/wp\/v2\/pages\/844","targetHints":{"allow":["GET"]}}],"collection":[{"href":"https:\/\/windup-winch.com\/en\/wp-json\/wp\/v2\/pages"}],"about":[{"href":"https:\/\/windup-winch.com\/en\/wp-json\/wp\/v2\/types\/page"}],"author":[{"embeddable":true,"href":"https:\/\/windup-winch.com\/en\/wp-json\/wp\/v2\/users\/1"}],"replies":[{"embeddable":true,"href":"https:\/\/windup-winch.com\/en\/wp-json\/wp\/v2\/comments?post=844"}],"version-history":[{"count":4,"href":"https:\/\/windup-winch.com\/en\/wp-json\/wp\/v2\/pages\/844\/revisions"}],"predecessor-version":[{"id":894,"href":"https:\/\/windup-winch.com\/en\/wp-json\/wp\/v2\/pages\/844\/revisions\/894"}],"wp:attachment":[{"href":"https:\/\/windup-winch.com\/en\/wp-json\/wp\/v2\/media?parent=844"}],"curies":[{"name":"wp","href":"https:\/\/api.w.org\/{rel}","templated":true}]}}