

{"id":895,"date":"2023-03-07T08:32:17","date_gmt":"2023-03-07T08:32:17","guid":{"rendered":"https:\/\/windup-winch.com\/?page_id=895"},"modified":"2023-03-24T09:39:18","modified_gmt":"2023-03-24T09:39:18","slug":"winch-shop","status":"publish","type":"page","link":"https:\/\/windup-winch.com\/en\/winch-shop","title":{"rendered":"Winch shop"},"content":{"rendered":"<div class=\"wp-block-cover alignfull is-light\" style=\"min-height:224px;aspect-ratio:unset;\"><span aria-hidden=\"true\" class=\"wp-block-cover__background has-background-dim\"><\/span><img loading=\"lazy\" decoding=\"async\" width=\"1024\" height=\"576\" class=\"wp-block-cover__image-background wp-image-56\" alt=\"\" src=\"https:\/\/windup-winch.000webhostapp.com\/wp-content\/uploads\/2022\/02\/rendu-treuil-tole-1024x576.png\" data-object-fit=\"cover\" srcset=\"https:\/\/windup-winch.com\/wp-content\/uploads\/2022\/02\/rendu-treuil-tole-1024x576.png 1024w, https:\/\/windup-winch.com\/wp-content\/uploads\/2022\/02\/rendu-treuil-tole-600x338.png 600w, https:\/\/windup-winch.com\/wp-content\/uploads\/2022\/02\/rendu-treuil-tole-300x169.png 300w, https:\/\/windup-winch.com\/wp-content\/uploads\/2022\/02\/rendu-treuil-tole-768x432.png 768w, https:\/\/windup-winch.com\/wp-content\/uploads\/2022\/02\/rendu-treuil-tole-1536x864.png 1536w, https:\/\/windup-winch.com\/wp-content\/uploads\/2022\/02\/rendu-treuil-tole.png 1920w\" sizes=\"auto, (max-width: 1024px) 100vw, 1024px\" \/><div class=\"wp-block-cover__inner-container is-layout-flow wp-block-cover-is-layout-flow\">\n<p class=\"has-text-align-center has-ast-global-color-5-color has-text-color\" style=\"font-size:50px\"><strong>Shop<\/strong><\/p>\n<\/div><\/div>\n\n\n\n<figure class=\"wp-block-video\"><video height=\"1080\" style=\"aspect-ratio: 1920 \/ 1080;\" width=\"1920\" autoplay controls loop muted src=\"http:\/\/windup-winch.com\/wp-content\/uploads\/2022\/03\/cinpans-winch-compactV2tole-final4.mp4\"><\/video><\/figure>\n\n\n\n<p class=\"has-text-align-center\">Technical specifications :<\/p>\n\n\n\n<figure class=\"wp-block-table alignwide is-style-regular\"><table class=\"has-background\" style=\"background-color:#191919\"><tbody><tr><td>Rope length<\/td><td>160 m<\/td><\/tr><tr><td>Overall dimensions<\/td><td>38x13X27 cm<\/td><\/tr><tr><td>Volume planche recommand\u00e9<\/td><td>bigger than rider weight (see <a href=\"https:\/\/windup-winch.com\/en\/faq\/\" data-type=\"page\" data-id=\"639\">FAQ<\/a> for lower volume boards )<\/td><\/tr><tr><td>Max pull speed<\/td><td>27 km\/h <\/td><\/tr><\/tbody><\/table><\/figure>\n\n\n\n<div class=\"wp-block-group is-layout-flow wp-block-group-is-layout-flow\"><div class=\"wp-block-group__inner-container\"><div class=\"woocommerce\">\t\t\t<div class=\"single-product\" data-product-page-preselected-id=\"0\">\n\t\t\t\t<div class=\"woocommerce-notices-wrapper\"><\/div><div id=\"product-577\" class=\"ast-grid-common-col ast-full-width ast-article-post product type-product post-577 status-publish first outofstock product_cat-treuil has-post-thumbnail shipping-taxable purchasable product-type-simple\">\n\n\t<div class=\"woocommerce-product-gallery woocommerce-product-gallery--with-images woocommerce-product-gallery--columns-4 images\" data-columns=\"4\" style=\"opacity: 0; transition: opacity .25s ease-in-out;\">\n\t<div class=\"woocommerce-product-gallery__wrapper\">\n\t\t<div data-thumb=\"https:\/\/windup-winch.com\/wp-content\/uploads\/2025\/03\/rendu-horizontal-sans-fil-100x100.png\" data-thumb-alt=\"Treuil WindUP V2\" data-thumb-srcset=\"https:\/\/windup-winch.com\/wp-content\/uploads\/2025\/03\/rendu-horizontal-sans-fil-100x100.png 100w, https:\/\/windup-winch.com\/wp-content\/uploads\/2025\/03\/rendu-horizontal-sans-fil-150x150.png 150w, https:\/\/windup-winch.com\/wp-content\/uploads\/2025\/03\/rendu-horizontal-sans-fil-300x300.png 300w\"  data-thumb-sizes=\"(max-width: 100px) 100vw, 100px\" class=\"woocommerce-product-gallery__image\"><a href=\"https:\/\/windup-winch.com\/wp-content\/uploads\/2025\/03\/rendu-horizontal-sans-fil.png\"><img loading=\"lazy\" decoding=\"async\" width=\"600\" height=\"338\" src=\"https:\/\/windup-winch.com\/wp-content\/uploads\/2025\/03\/rendu-horizontal-sans-fil-600x338.png\" class=\"wp-post-image\" alt=\"Treuil WindUP V2\" data-caption=\"\" data-src=\"https:\/\/windup-winch.com\/wp-content\/uploads\/2025\/03\/rendu-horizontal-sans-fil.png\" data-large_image=\"https:\/\/windup-winch.com\/wp-content\/uploads\/2025\/03\/rendu-horizontal-sans-fil.png\" data-large_image_width=\"1920\" data-large_image_height=\"1080\" srcset=\"https:\/\/windup-winch.com\/wp-content\/uploads\/2025\/03\/rendu-horizontal-sans-fil-600x338.png 600w, https:\/\/windup-winch.com\/wp-content\/uploads\/2025\/03\/rendu-horizontal-sans-fil-300x169.png 300w, https:\/\/windup-winch.com\/wp-content\/uploads\/2025\/03\/rendu-horizontal-sans-fil-1024x576.png 1024w, https:\/\/windup-winch.com\/wp-content\/uploads\/2025\/03\/rendu-horizontal-sans-fil-768x432.png 768w, https:\/\/windup-winch.com\/wp-content\/uploads\/2025\/03\/rendu-horizontal-sans-fil-1536x864.png 1536w, https:\/\/windup-winch.com\/wp-content\/uploads\/2025\/03\/rendu-horizontal-sans-fil-18x10.png 18w, https:\/\/windup-winch.com\/wp-content\/uploads\/2025\/03\/rendu-horizontal-sans-fil.png 1920w\" sizes=\"auto, (max-width: 600px) 100vw, 600px\" \/><\/a><\/div>\t<\/div>\n<\/div>\n\n\t<div class=\"summary entry-summary\">\n\t\t<h1 class=\"product_title entry-title\">Treuil WindUP V2<\/h1><p class=\"price\"><span class=\"woocommerce-Price-amount amount\"><bdi>1480&nbsp;<span class=\"woocommerce-Price-currencySymbol\">&euro;<\/span><\/bdi><\/span><\/p>\n<p class=\"stock out-of-stock\" data-no-translation=\"\" data-trp-gettext=\"\">Disponible sur commande via le formulaire de contact<\/p>\n<div class=\"product_meta\">\n\n\t\n\t\n\t<span class=\"posted_in\">Cat\u00e9gory\u00a0: <a href=\"https:\/\/windup-winch.com\/en\/product-category\/treuil\" rel=\"tag\">Winch<\/a><\/span>\n\t\n\t\n<\/div>\n\t<\/div>\n\n\t\n\t<div class=\"woocommerce-tabs wc-tabs-wrapper\">\n\t\t<ul class=\"tabs wc-tabs\" role=\"tablist\">\n\t\t\t\t\t\t\t<li role=\"presentation\" class=\"description_tab\" id=\"tab-title-description\">\n\t\t\t\t\t<a href=\"#tab-description\" role=\"tab\" aria-controls=\"tab-description\">\n\t\t\t\t\t\tDescription\t\t\t\t\t<\/a>\n\t\t\t\t<\/li>\n\t\t\t\t\t<\/ul>\n\t\t\t\t\t<div class=\"woocommerce-Tabs-panel woocommerce-Tabs-panel--description panel entry-content wc-tab\" id=\"tab-description\" role=\"tabpanel\" aria-labelledby=\"tab-title-description\">\n\t\t\t\t\n\t<h2 data-no-translation=\"\" data-trp-gettext=\"\">Description<\/h2>\n\n<h2 style=\"text-align: left;\"><\/h2>\r\n&nbsp;\r\n\r\nThe WindUP winch is an ultra light, compact and portable winch dedicated to foiling. It opens up endless possibilities for surf foiling, pumping and foil initiation. The new V2 winch allows to use it by yourself and continuously thanks to its remote control option.\r\n<ul>\r\n \t<li>Plug n play : Battery, charger, rope and handle included<\/li>\r\n \t<li>Easy anchorage : Unique attaching point. Possible anchorage in sand, on a dock, on the shore, a boat or any fixed point.<\/li>\r\n \t<li>Utilisation en autonomie et en continu possible<\/li>\r\n \t<li>Remote control option available<\/li>\r\n<\/ul>\r\nKnow more about the winch on <a href=\"https:\/\/windup-winch.com\/en\/tire-par-windup\/\"><em><strong>this page.<\/strong><\/em>.<\/a>\t\t\t<\/div>\n\t\t\n\t\t\t<\/div>\n\n<\/div>\n\n\t\t\t<\/div>\n\t\t\t<\/div>\n<\/div><\/div>\n\n\n\n<div class=\"wp-block-group is-layout-flow wp-block-group-is-layout-flow\"><div class=\"wp-block-group__inner-container\">\n<p class=\"has-text-align-center\">For orders and shipping outside EU, contact us directly via the form : <strong><a href=\"https:\/\/windup-winch.com\/en\/contact\/\">contact<\/a><\/strong>.<\/p>\n<\/div><\/div>\n\n\n\n<div class=\"wp-block-group is-layout-flow wp-block-group-is-layout-flow\"><div class=\"wp-block-group__inner-container\">\n<p class=\"has-text-align-center\">For a support message, a question, a suggestion or a partnership, contact us !<br>Knowing you're into our project wll help us develop it even more !<\/p>\n\n\n\n<div class=\"wp-block-buttons is-content-justification-center is-layout-flex wp-container-core-buttons-is-layout-16018d1d wp-block-buttons-is-layout-flex\">\n<div class=\"wp-block-button has-custom-width wp-block-button__width-75 has-custom-font-size\" style=\"font-size:30px\"><a class=\"wp-block-button__link wp-element-button\" href=\"https:\/\/windup-winch.com\/en\/contact\/\" style=\"border-radius:4px\">Contact us<\/a><\/div>\n<\/div>\n<\/div><\/div>\n\n\n\n<div class=\"wp-block-group is-layout-flow wp-block-group-is-layout-flow\"><div class=\"wp-block-group__inner-container\">\n<p>We will soon offer test and initiation sessions. Keep in touch with our <a href=\"https:\/\/windup-winch.com\/en\/contact\/\">newsletter.<\/a><\/p>\n<\/div><\/div>\n\n\n\n<p class=\"has-text-align-center\">VAT doesn't apply, art. 293B CGI<\/p>","protected":false},"excerpt":{"rendered":"<p>Sp\u00e9cifications techniques : Longueur de corde 160 m Dimensions hors tout 38x13X27 cm Volume planche recommand\u00e9 sup\u00e9rieur au poids du rider (voir FAQ pour les volumes plus faibles ) Vitesse de traction maximale 27 km\/h Pour les livraisons hors Union europ\u00e9enne, contactez nous directement par le formulaire de contact. Pour un message de soutien, une &hellip;<\/p>\n<p class=\"read-more\"> <a class=\"\" href=\"https:\/\/windup-winch.com\/en\/product\/treuil-windup-precommande\"> <span class=\"screen-reader-text\">Treuil WindUP V2<\/span> Read More &raquo;<\/a><\/p>","protected":false},"author":1,"featured_media":0,"parent":0,"menu_order":0,"comment_status":"closed","ping_status":"closed","template":"","meta":{"site-sidebar-layout":"default","site-content-layout":"default","ast-main-header-display":"","ast-hfb-above-header-display":"","ast-hfb-below-header-display":"","ast-hfb-mobile-header-display":"","site-post-title":"","ast-breadcrumbs-content":"","ast-featured-img":"","footer-sml-layout":"","theme-transparent-header-meta":"","adv-header-id-meta":"","stick-header-meta":"","header-above-stick-meta":"","header-main-stick-meta":"","header-below-stick-meta":"","footnotes":""},"class_list":["post-895","page","type-page","status-publish","hentry"],"_links":{"self":[{"href":"https:\/\/windup-winch.com\/en\/wp-json\/wp\/v2\/pages\/895","targetHints":{"allow":["GET"]}}],"collection":[{"href":"https:\/\/windup-winch.com\/en\/wp-json\/wp\/v2\/pages"}],"about":[{"href":"https:\/\/windup-winch.com\/en\/wp-json\/wp\/v2\/types\/page"}],"author":[{"embeddable":true,"href":"https:\/\/windup-winch.com\/en\/wp-json\/wp\/v2\/users\/1"}],"replies":[{"embeddable":true,"href":"https:\/\/windup-winch.com\/en\/wp-json\/wp\/v2\/comments?post=895"}],"version-history":[{"count":4,"href":"https:\/\/windup-winch.com\/en\/wp-json\/wp\/v2\/pages\/895\/revisions"}],"predecessor-version":[{"id":912,"href":"https:\/\/windup-winch.com\/en\/wp-json\/wp\/v2\/pages\/895\/revisions\/912"}],"wp:attachment":[{"href":"https:\/\/windup-winch.com\/en\/wp-json\/wp\/v2\/media?parent=895"}],"curies":[{"name":"wp","href":"https:\/\/api.w.org\/{rel}","templated":true}]}}