

{"id":900,"date":"2023-03-07T08:42:14","date_gmt":"2023-03-07T08:42:14","guid":{"rendered":"https:\/\/windup-winch.com\/?page_id=900"},"modified":"2023-03-07T08:47:12","modified_gmt":"2023-03-07T08:47:12","slug":"treuil-windup","status":"publish","type":"page","link":"https:\/\/windup-winch.com\/en\/treuil-windup","title":{"rendered":"Treuil WindUP"},"content":{"rendered":"<div class=\"wp-block-columns alignfull has-background is-layout-flex wp-container-core-columns-is-layout-9d6595d7 wp-block-columns-is-layout-flex\" style=\"background-color:#0d0d0d\">\n<div class=\"wp-block-column is-layout-flow wp-block-column-is-layout-flow\" style=\"flex-basis:100%\">\n<p>The idea of this winch appeared years ago in french mountains where the wind is the least reliable. This winch was the solution to ride whatever the conditions and test boards on any remote spot while sharing it with friends. <br>Everything started years ago with prototypes using car wheels or heavy duty electric motors. After many trials, errors and prototypes, we managed to create a winch that is light, silent, ultra compact and with an incredible autonomy. It opens up endless possibilities with a foil and all of its disciplines.<\/p>\n\n\n\n<p>Vous pouvez nous suivre sur instagram, facebook et youtube ou vous abonner \u00e0 notre newsletter pour \u00eatre au courant des actualit\u00e9s.<\/p>\n<\/div>\n<\/div>\n\n\n\n<div class=\"wp-block-group is-layout-flow wp-block-group-is-layout-flow\"><div class=\"wp-block-group__inner-container\">\n<p>Be prepared to attract attention ! A completely silent foil that flies above water without wind or waves is pretty uncommon.<\/p>\n\n\n\n<p>The winch is also an ecological, economical and user friendly alternative to a boat.<\/p>\n<\/div><\/div>\n\n\n\n<div class=\"wp-block-group is-layout-flow wp-block-group-is-layout-flow\"><div class=\"wp-block-group__inner-container\">\n<p>To see more possibilities allowed by the winch follow these links :<\/p>\n<\/div><\/div>","protected":false},"excerpt":{"rendered":"<p>L&rsquo;id\u00e9e du treuil est apparue il y a plusieurs ann\u00e9es dans le Jura o\u00f9 le vent est plus que capricieux. Le treuil \u00e9tait la solution pour rider par tous les temps, sur des spots insolites et en le partageant avec des amis. Ca a commenc\u00e9 avec des essais sur des jantes de voitures ou des &hellip;<\/p>\n<p class=\"read-more\"> <a class=\"\" href=\"https:\/\/windup-winch.com\/en\/treuil-windup\"> <span class=\"screen-reader-text\">Treuil WindUP<\/span> Read More &raquo;<\/a><\/p>","protected":false},"author":1,"featured_media":0,"parent":0,"menu_order":0,"comment_status":"closed","ping_status":"closed","template":"","meta":{"site-sidebar-layout":"default","site-content-layout":"default","ast-main-header-display":"","ast-hfb-above-header-display":"","ast-hfb-below-header-display":"","ast-hfb-mobile-header-display":"","site-post-title":"","ast-breadcrumbs-content":"","ast-featured-img":"","footer-sml-layout":"","theme-transparent-header-meta":"","adv-header-id-meta":"","stick-header-meta":"","header-above-stick-meta":"","header-main-stick-meta":"","header-below-stick-meta":"","footnotes":""},"class_list":["post-900","page","type-page","status-publish","hentry"],"_links":{"self":[{"href":"https:\/\/windup-winch.com\/en\/wp-json\/wp\/v2\/pages\/900","targetHints":{"allow":["GET"]}}],"collection":[{"href":"https:\/\/windup-winch.com\/en\/wp-json\/wp\/v2\/pages"}],"about":[{"href":"https:\/\/windup-winch.com\/en\/wp-json\/wp\/v2\/types\/page"}],"author":[{"embeddable":true,"href":"https:\/\/windup-winch.com\/en\/wp-json\/wp\/v2\/users\/1"}],"replies":[{"embeddable":true,"href":"https:\/\/windup-winch.com\/en\/wp-json\/wp\/v2\/comments?post=900"}],"version-history":[{"count":4,"href":"https:\/\/windup-winch.com\/en\/wp-json\/wp\/v2\/pages\/900\/revisions"}],"predecessor-version":[{"id":904,"href":"https:\/\/windup-winch.com\/en\/wp-json\/wp\/v2\/pages\/900\/revisions\/904"}],"wp:attachment":[{"href":"https:\/\/windup-winch.com\/en\/wp-json\/wp\/v2\/media?parent=900"}],"curies":[{"name":"wp","href":"https:\/\/api.w.org\/{rel}","templated":true}]}}