

{"id":577,"date":"2022-03-29T10:45:49","date_gmt":"2022-03-29T09:45:49","guid":{"rendered":"https:\/\/windup-winch.com\/product\/hoodie-with-logo"},"modified":"2025-06-02T09:19:47","modified_gmt":"2025-06-02T08:19:47","slug":"treuil-windup-precommande","status":"publish","type":"product","link":"https:\/\/windup-winch.com\/en\/product\/treuil-windup-precommande","title":{"rendered":"Treuil WindUP V2"},"content":{"rendered":"<h2 style=\"text-align: left;\"><\/h2>\n<p>&nbsp;<\/p>\n<p>Le treuil WindUP est un treuil ultra compact, l\u00e9ger et portable d\u00e9di\u00e9 au foil.<br \/>\nIl ouvre des possibilit\u00e9s infinies pour le surfoil, le pumping, ou l&rsquo;apprentissage du foil.<\/p>\n<p>&nbsp;<\/p>\n<p>La version V2 permet maintenant une utilisation en continu et en autonomie gr\u00e2ce \u00e0 une option t\u00e9l\u00e9commande.<\/p>\n<ul>\n<li>Plug n play : Battery, charger, rope and handle included<\/li>\n<li>Easy anchorage : Unique attaching point. Possible anchorage in sand, on a dock, on the shore, a boat or any fixed point.<\/li>\n<li>Utilisation en autonomie et en continu possible<\/li>\n<li>Remote control option available<\/li>\n<\/ul>\n<p>Know more about the winch on <a href=\"https:\/\/windup-winch.com\/en\/tire-par-windup\/\"><em><strong>this page.<\/strong><\/em>.<\/a><\/p>","protected":false},"excerpt":{"rendered":"<p>&nbsp; Le treuil WindUP est un treuil ultra compact, l\u00e9ger et portable d\u00e9di\u00e9 au foil. Il ouvre des possibilit\u00e9s infinies pour le surfoil, le pumping, ou l&rsquo;apprentissage du foil. &nbsp; La version V2 permet maintenant une utilisation en continu et en autonomie gr\u00e2ce \u00e0 une option t\u00e9l\u00e9commande. Pr\u00eat \u00e0 l\u2019usage : Batterie, chargeur, corde et &hellip;<\/p>\n<p class=\"read-more\"> <a class=\"\" href=\"https:\/\/windup-winch.com\/en\/product\/treuil-windup-precommande\"> <span class=\"screen-reader-text\">Treuil WindUP V2<\/span> Read More &raquo;<\/a><\/p>","protected":false},"featured_media":1066,"template":"","meta":{"site-sidebar-layout":"default","site-content-layout":"default","ast-main-header-display":"","ast-hfb-above-header-display":"","ast-hfb-below-header-display":"","ast-hfb-mobile-header-display":"","site-post-title":"","ast-breadcrumbs-content":"","ast-featured-img":"","footer-sml-layout":"","theme-transparent-header-meta":"","adv-header-id-meta":"","stick-header-meta":"","header-above-stick-meta":"","header-main-stick-meta":"","header-below-stick-meta":""},"product_brand":[],"product_cat":[19],"product_tag":[],"class_list":{"0":"post-577","1":"product","2":"type-product","3":"status-publish","4":"has-post-thumbnail","6":"product_cat-treuil","8":"first","9":"outofstock","10":"shipping-taxable","11":"purchasable","12":"product-type-simple"},"_links":{"self":[{"href":"https:\/\/windup-winch.com\/en\/wp-json\/wp\/v2\/product\/577","targetHints":{"allow":["GET"]}}],"collection":[{"href":"https:\/\/windup-winch.com\/en\/wp-json\/wp\/v2\/product"}],"about":[{"href":"https:\/\/windup-winch.com\/en\/wp-json\/wp\/v2\/types\/product"}],"wp:featuredmedia":[{"embeddable":true,"href":"https:\/\/windup-winch.com\/en\/wp-json\/wp\/v2\/media\/1066"}],"wp:attachment":[{"href":"https:\/\/windup-winch.com\/en\/wp-json\/wp\/v2\/media?parent=577"}],"wp:term":[{"taxonomy":"product_brand","embeddable":true,"href":"https:\/\/windup-winch.com\/en\/wp-json\/wp\/v2\/product_brand?post=577"},{"taxonomy":"product_cat","embeddable":true,"href":"https:\/\/windup-winch.com\/en\/wp-json\/wp\/v2\/product_cat?post=577"},{"taxonomy":"product_tag","embeddable":true,"href":"https:\/\/windup-winch.com\/en\/wp-json\/wp\/v2\/product_tag?post=577"}],"curies":[{"name":"wp","href":"https:\/\/api.w.org\/{rel}","templated":true}]}}